{"id":398,"date":"2024-08-09T08:19:06","date_gmt":"2024-08-09T08:19:06","guid":{"rendered":"http:\/\/antracit.eu\/kontakt\/"},"modified":"2025-09-26T07:06:22","modified_gmt":"2025-09-26T07:06:22","slug":"kontakt","status":"publish","type":"page","link":"https:\/\/antracit.eu\/sk\/kontakt\/","title":{"rendered":"Kontakt"},"content":{"rendered":"\n\n<div class=\"inoby-contact-section\">\n    <div class=\"container\">\n        <div class=\"row\">\n            <div class=\"col-7 col-md-12\">\n                <div class=\"content-wrp\">\n                                        <h2>\n                        M\u00e1te ot\u00e1zky? Ozvite sa n\u00e1m!                    <\/h2>\n                    \n                                        <div class=\"addresses\">\n                                                <div class=\"address\">\n                                                        <p class=\"bold\">\n                                Slovensk\u00e1 republika                            <\/p>\n                                                                                    <p>\n                                Byt\u010dianska cesta 499\/130                            <\/p>\n                                                                                    <p>\n                                010 03                            <\/p>\n                                                                                    <p>\n                                \u017dilina                            <\/p>\n                                                    <\/div>\n                                                <div class=\"address\">\n                                                        <p class=\"bold\">\n                                \u010cesk\u00e1 republika                            <\/p>\n                                                                                    <p>\n                                Lihovarsk\u00e1 689\/40A                            <\/p>\n                                                                                    <p>\n                                718 00                              <\/p>\n                                                                                    <p>\n                                Ostrava-Kun\u010di\u010dky                            <\/p>\n                                                    <\/div>\n                                            <\/div>\n                    \n                                        <p>\n                        Inform\u00e1cie ku konkr\u00e9tnym projektom V\u00e1m radi poskytn\u00fa kontaktn\u00e9 osoby, ktor\u00e9 n\u00e1jdete na str\u00e1nke s detailom projektu.                    <\/p>\n                    \n                    <div class=\"socials icons\"><a  href=\"https:\/\/www.facebook.com\/profile.php?id=61556617828056\" target=\"_blank\"><img decoding=\"async\" src=\"https:\/\/antracit.eu\/wp-content\/themes\/inoby-antracit\/assets\/icons\/facebook.svg\" class=\"social-icon social-icon-facebook\" alt=\"Facebook\" width=\"24\" height=\"24\" loading=\"lazy\"><\/a><a  href=\"https:\/\/www.instagram.com\/__antracit\/\" target=\"_blank\"><img decoding=\"async\" src=\"https:\/\/antracit.eu\/wp-content\/themes\/inoby-antracit\/assets\/icons\/instagram.svg\" class=\"social-icon social-icon-instagram\" alt=\"Instagram\" width=\"24\" height=\"24\" loading=\"lazy\"><\/a><a  href=\"https:\/\/twitter.com\/_antracit\" target=\"_blank\"><img decoding=\"async\" src=\"https:\/\/antracit.eu\/wp-content\/themes\/inoby-antracit\/assets\/icons\/twitter.svg\" class=\"social-icon social-icon-twitter\" alt=\"Twitter\" width=\"24\" height=\"24\" loading=\"lazy\"><\/a><a  href=\"https:\/\/www.linkedin.com\/company\/antracit-property\/\" target=\"_blank\"><img decoding=\"async\" src=\"https:\/\/antracit.eu\/wp-content\/themes\/inoby-antracit\/assets\/icons\/linkedin.svg\" class=\"social-icon social-icon-linkedin\" alt=\"LinkedIn\" width=\"24\" height=\"24\" loading=\"lazy\"><\/a><\/div>                <\/div>\n            <\/div>\n\n            <div class=\"col-5 col-md-12\">\n                <div class=\"member-card\">\n                    <div class=\"img-wrp\">\n                                                <picture><source media=\"(min-width: 0px) and (max-width: 767px)\" srcset=\"https:\/\/antracit.eu\/wp-content\/uploads\/2025\/09\/Sarka-Drabkova_mal-455x303.jpg\"><source media=\"(min-width: 768px) and (max-width: 1023px)\" srcset=\"https:\/\/antracit.eu\/wp-content\/uploads\/2025\/09\/Sarka-Drabkova_mal-683x455.jpg\"><img src=\"https:\/\/antracit.eu\/wp-content\/uploads\/2025\/09\/Sarka-Drabkova_mal-683x455.jpg\" decoding=\"async\" alt=\"\u0160\u00e1rka Dr\u00e1bkov\u00e1_mal\" loading=\"lazy\" style=\"width: 100%; border-radius: 0px;\" width=\"683\" height=\"455\"\/><\/picture>                                            <\/div>\n                    <div class=\"content\">\n                                                <h3>\u0160\u00e1rka Dr\u00e1bkov\u00e1<\/h3>\n                                                                        <p class=\"position\">Front office<\/p>\n                                                                        <a class=\"phone\" href=\"tel:+420 799\u00a0022 444\">\n                            +420 799\u00a0022 444<\/a>\n                                                                        <a class=\"email\" href=\"mailto:info@antracit.eu\">\n                            info@antracit.eu<\/a>\n                                            <\/div>\n                <\/div>\n            <\/div>\n        <\/div>\n    <\/div>\n<\/div>\n\n\n<section class=\"inoby-contact-maps\">\n    <div class=\"container\">\n        <div class=\"row\">\n            <div class=\"col-12\">\n                <div class=\"maps\">\n                                        <div class=\"map-wrapper\">\n                                                <h4>\n                            Pobo\u010dka Slovensk\u00e1 republika                        <\/h4>\n                                                <div id=\"map-0\" class=\"map\"><\/div>\n                    <\/div>\n                                        <div class=\"map-wrapper\">\n                                                <h4>\n                            Pobo\u010dka \u010cesk\u00e1 republika                        <\/h4>\n                                                <div id=\"map-1\" class=\"map\"><\/div>\n                    <\/div>\n                                    <\/div>\n            <\/div>\n        <\/div>\n    <\/div>\n<\/section>\n\n\n<script type=\"text\/javascript\">\nvar map;\nvar pos;\nconst parser = new DOMParser();\n\nfunction initMap() {\n\n        var map = new google.maps.Map(document.getElementById('map-' + '0'), {\n        center: {\n            lat: 49.2161088,\n            lng: 18.7511595\n        },\n        mapId: '76a28ba0fb09dc9c',\n        zoom: 12,\n        disableDefaultUI: true,\n        zoomControl: true,\n    });\n    var infoWindow = new google.maps.InfoWindow({\n        map: map\n    });\n    infoWindow.setOptions({\n        maxWidth: 500\n    });\n    var title = 'HSF System SK, s.r.o.';\n    var desc = 'Byt\u010dianska 499\/130, 010 03 \u017dilina-Pova\u017esk\u00fd Chlmec';\n    var linkTitle = 'Navigova\u0165';\n    var link = 'https:\/\/www.google.com\/maps\/place\/HSF+System+SK,+s.r.o.\/@49.2440679,18.7123794,20.39z\/data=!4m6!3m5!1s0x47145c1eab852fb1:0xe1f80754ab0914cd!8m2!3d49.2440438!4d18.7125195!16s%2Fg%2F11bzx3k433?hl=sk&entry=ttu';\n    var latLng = '49.2440607,18.712459,14';\n    createMarker(latLng, title, desc, linkTitle, link);\n\n    function createMarker(latLng, tt, dsc, lT, lnk) {\n        var latitude = parseFloat(latLng.split(',')[0]);\n        var longitude = parseFloat(latLng.split(',')[1]);\n        var myLatLng = {\n            lat: latitude,\n            lng: longitude\n        };\n        const pinSvgString =\n            '<svg width=\"33\" height=\"42\" viewBox=\"0 0 33 42\" fill=\"none\" xmlns=\"http:\/\/www.w3.org\/2000\/svg\"><path d=\"M16.5 0.500977C12.2166 0.505836 8.11 2.20957 5.08117 5.2384C2.05234 8.26723 0.348609 12.3738 0.34375 16.6572C0.34375 30.4818 15.0313 40.9228 15.6573 41.3598C15.9043 41.5328 16.1985 41.6256 16.5 41.6256C16.8015 41.6256 17.0957 41.5328 17.3427 41.3598C17.9687 40.9228 32.6562 30.4818 32.6562 16.6572C32.6514 12.3738 30.9477 8.26723 27.9188 5.2384C24.89 2.20957 20.7834 0.505836 16.5 0.500977ZM16.5 10.7822C17.662 10.7822 18.7978 11.1268 19.764 11.7723C20.7301 12.4179 21.4831 13.3354 21.9278 14.409C22.3725 15.4825 22.4888 16.6637 22.2621 17.8034C22.0354 18.943 21.4759 19.9898 20.6543 20.8115C19.8326 21.6331 18.7858 22.1927 17.6462 22.4193C16.5065 22.646 15.3253 22.5297 14.2517 22.085C13.1782 21.6404 12.2607 20.8873 11.6151 19.9212C10.9696 18.9551 10.625 17.8192 10.625 16.6572C10.625 15.0991 11.244 13.6047 12.3457 12.503C13.4475 11.4012 14.9419 10.7822 16.5 10.7822Z\" fill=\"#0C8D8F\"\/><\/svg>';\n\n        const pinSvg = parser.parseFromString(\n            pinSvgString,\n            \"image\/svg+xml\",\n        ).documentElement;\n\n        var marker = new google.maps.marker.AdvancedMarkerElement({\n            map,\n            position: myLatLng,\n            title: tt,\n            content: pinSvg,\n        });\n\n        map.setCenter(marker.position);\n\n\n        google.maps.event.addListener(marker, 'click', function() {\n            infoWindow.setContent(`\n                                            <h3>` + tt + `<\/h3><p>` + dsc + `<\/p><a href=\"` + lnk +\n                `\" target=\"_blank\" class=\"link\"><span>` + lT + `<svg width=\"16\" height=\"17\" viewBox=\"0 0 16 17\" fill=\"none\" xmlns=\"http:\/\/www.w3.org\/2000\/svg\"><path d=\"M9.95 8.56348L4.5 3.11348L5.55 2.06348L12.1 8.56348L5.6 15.0635L4.55 14.0135L9.95 8.56348Z\" fill=\"black\"\/><\/svg><\/span><\/a>\n                                            `);\n            infoWindow.open(map, this);\n        });\n    }\n\n        var map = new google.maps.Map(document.getElementById('map-' + '1'), {\n        center: {\n            lat: 49.2161088,\n            lng: 18.7511595\n        },\n        mapId: '76a28ba0fb09dc9c',\n        zoom: 12,\n        disableDefaultUI: true,\n        zoomControl: true,\n    });\n    var infoWindow = new google.maps.InfoWindow({\n        map: map\n    });\n    infoWindow.setOptions({\n        maxWidth: 500\n    });\n    var title = 'HSF System a.s.';\n    var desc = 'Lihovarsk\u00e1 689, 718 00 Slezsk\u00e1 Ostrava-Kun\u010di\u010dky, \u010cesko';\n    var linkTitle = 'Navigova\u0165';\n    var link = 'https:\/\/www.google.com\/maps\/place\/HSF+System+a.s.\/@49.8121153,18.3133728,17.83z\/data=!4m6!3m5!1s0x4713fca3374887a3:0x246e23f5c34a12ca!8m2!3d49.8126046!4d18.3114226!16s%2Fg%2F11cly7_yb3?hl=sk&entry=ttu';\n    var latLng = '49.8123651,18.3124251,14';\n    createMarker(latLng, title, desc, linkTitle, link);\n\n    function createMarker(latLng, tt, dsc, lT, lnk) {\n        var latitude = parseFloat(latLng.split(',')[0]);\n        var longitude = parseFloat(latLng.split(',')[1]);\n        var myLatLng = {\n            lat: latitude,\n            lng: longitude\n        };\n        const pinSvgString =\n            '<svg width=\"33\" height=\"42\" viewBox=\"0 0 33 42\" fill=\"none\" xmlns=\"http:\/\/www.w3.org\/2000\/svg\"><path d=\"M16.5 0.500977C12.2166 0.505836 8.11 2.20957 5.08117 5.2384C2.05234 8.26723 0.348609 12.3738 0.34375 16.6572C0.34375 30.4818 15.0313 40.9228 15.6573 41.3598C15.9043 41.5328 16.1985 41.6256 16.5 41.6256C16.8015 41.6256 17.0957 41.5328 17.3427 41.3598C17.9687 40.9228 32.6562 30.4818 32.6562 16.6572C32.6514 12.3738 30.9477 8.26723 27.9188 5.2384C24.89 2.20957 20.7834 0.505836 16.5 0.500977ZM16.5 10.7822C17.662 10.7822 18.7978 11.1268 19.764 11.7723C20.7301 12.4179 21.4831 13.3354 21.9278 14.409C22.3725 15.4825 22.4888 16.6637 22.2621 17.8034C22.0354 18.943 21.4759 19.9898 20.6543 20.8115C19.8326 21.6331 18.7858 22.1927 17.6462 22.4193C16.5065 22.646 15.3253 22.5297 14.2517 22.085C13.1782 21.6404 12.2607 20.8873 11.6151 19.9212C10.9696 18.9551 10.625 17.8192 10.625 16.6572C10.625 15.0991 11.244 13.6047 12.3457 12.503C13.4475 11.4012 14.9419 10.7822 16.5 10.7822Z\" fill=\"#0C8D8F\"\/><\/svg>';\n\n        const pinSvg = parser.parseFromString(\n            pinSvgString,\n            \"image\/svg+xml\",\n        ).documentElement;\n\n        var marker = new google.maps.marker.AdvancedMarkerElement({\n            map,\n            position: myLatLng,\n            title: tt,\n            content: pinSvg,\n        });\n\n        map.setCenter(marker.position);\n\n\n        google.maps.event.addListener(marker, 'click', function() {\n            infoWindow.setContent(`\n                                            <h3>` + tt + `<\/h3><p>` + dsc + `<\/p><a href=\"` + lnk +\n                `\" target=\"_blank\" class=\"link\"><span>` + lT + `<svg width=\"16\" height=\"17\" viewBox=\"0 0 16 17\" fill=\"none\" xmlns=\"http:\/\/www.w3.org\/2000\/svg\"><path d=\"M9.95 8.56348L4.5 3.11348L5.55 2.06348L12.1 8.56348L5.6 15.0635L4.55 14.0135L9.95 8.56348Z\" fill=\"black\"\/><\/svg><\/span><\/a>\n                                            `);\n            infoWindow.open(map, this);\n        });\n    }\n\n    }\n<\/script>\n\n<script async defer\n    src=\"https:\/\/maps.googleapis.com\/maps\/api\/js?key=AIzaSyDTaaifgagpXd2YH1AmOZmdr5K9One8PuE&#038;callback=initMap&#038;libraries=marker\">\n<\/script>\n","protected":false},"excerpt":{"rendered":"","protected":false},"author":1,"featured_media":0,"parent":0,"menu_order":0,"comment_status":"closed","ping_status":"closed","template":"","meta":{"footnotes":""},"class_list":["post-398","page","type-page","status-publish","hentry"],"yoast_head":"<!-- This site is optimized with the Yoast SEO plugin v27.3 - https:\/\/yoast.com\/product\/yoast-seo-wordpress\/ -->\n<title>Kontakt - Antracit<\/title>\n<meta name=\"robots\" content=\"index, follow, max-snippet:-1, max-image-preview:large, max-video-preview:-1\" \/>\n<link rel=\"canonical\" href=\"https:\/\/antracit.eu\/sk\/kontakt\/\" \/>\n<meta property=\"og:locale\" content=\"sk_SK\" \/>\n<meta property=\"og:type\" content=\"article\" \/>\n<meta property=\"og:title\" content=\"Kontakt - Antracit\" \/>\n<meta property=\"og:url\" content=\"https:\/\/antracit.eu\/sk\/kontakt\/\" \/>\n<meta property=\"og:site_name\" content=\"Antracit\" \/>\n<meta property=\"article:modified_time\" content=\"2025-09-26T07:06:22+00:00\" \/>\n<meta name=\"twitter:card\" content=\"summary_large_image\" \/>\n<script type=\"application\/ld+json\" class=\"yoast-schema-graph\">{\"@context\":\"https:\\\/\\\/schema.org\",\"@graph\":[{\"@type\":\"WebPage\",\"@id\":\"https:\\\/\\\/antracit.eu\\\/sk\\\/kontakt\\\/\",\"url\":\"https:\\\/\\\/antracit.eu\\\/sk\\\/kontakt\\\/\",\"name\":\"Kontakt - Antracit\",\"isPartOf\":{\"@id\":\"https:\\\/\\\/antracit.eu\\\/#website\"},\"datePublished\":\"2024-08-09T08:19:06+00:00\",\"dateModified\":\"2025-09-26T07:06:22+00:00\",\"breadcrumb\":{\"@id\":\"https:\\\/\\\/antracit.eu\\\/sk\\\/kontakt\\\/#breadcrumb\"},\"inLanguage\":\"sk-SK\",\"potentialAction\":[{\"@type\":\"ReadAction\",\"target\":[\"https:\\\/\\\/antracit.eu\\\/sk\\\/kontakt\\\/\"]}]},{\"@type\":\"BreadcrumbList\",\"@id\":\"https:\\\/\\\/antracit.eu\\\/sk\\\/kontakt\\\/#breadcrumb\",\"itemListElement\":[{\"@type\":\"ListItem\",\"position\":1,\"name\":\"Home\",\"item\":\"https:\\\/\\\/antracit.eu\\\/sk\\\/\"},{\"@type\":\"ListItem\",\"position\":2,\"name\":\"Kontakt\"}]},{\"@type\":\"WebSite\",\"@id\":\"https:\\\/\\\/antracit.eu\\\/#website\",\"url\":\"https:\\\/\\\/antracit.eu\\\/\",\"name\":\"Antracit\",\"description\":\"\",\"publisher\":{\"@id\":\"https:\\\/\\\/antracit.eu\\\/#organization\"},\"potentialAction\":[{\"@type\":\"SearchAction\",\"target\":{\"@type\":\"EntryPoint\",\"urlTemplate\":\"https:\\\/\\\/antracit.eu\\\/?s={search_term_string}\"},\"query-input\":{\"@type\":\"PropertyValueSpecification\",\"valueRequired\":true,\"valueName\":\"search_term_string\"}}],\"inLanguage\":\"sk-SK\"},{\"@type\":\"Organization\",\"@id\":\"https:\\\/\\\/antracit.eu\\\/#organization\",\"name\":\"Antracitproperty\",\"url\":\"https:\\\/\\\/antracit.eu\\\/\",\"logo\":{\"@type\":\"ImageObject\",\"inLanguage\":\"sk-SK\",\"@id\":\"https:\\\/\\\/antracit.eu\\\/#\\\/schema\\\/logo\\\/image\\\/\",\"url\":\"http:\\\/\\\/antracit.eu\\\/wp-content\\\/uploads\\\/2024\\\/07\\\/Frame-2741.svg\",\"contentUrl\":\"http:\\\/\\\/antracit.eu\\\/wp-content\\\/uploads\\\/2024\\\/07\\\/Frame-2741.svg\",\"width\":98,\"height\":43,\"caption\":\"Antracitproperty\"},\"image\":{\"@id\":\"https:\\\/\\\/antracit.eu\\\/#\\\/schema\\\/logo\\\/image\\\/\"}}]}<\/script>\n<!-- \/ Yoast SEO plugin. -->","yoast_head_json":{"title":"Kontakt - Antracit","robots":{"index":"index","follow":"follow","max-snippet":"max-snippet:-1","max-image-preview":"max-image-preview:large","max-video-preview":"max-video-preview:-1"},"canonical":"https:\/\/antracit.eu\/sk\/kontakt\/","og_locale":"sk_SK","og_type":"article","og_title":"Kontakt - Antracit","og_url":"https:\/\/antracit.eu\/sk\/kontakt\/","og_site_name":"Antracit","article_modified_time":"2025-09-26T07:06:22+00:00","twitter_card":"summary_large_image","schema":{"@context":"https:\/\/schema.org","@graph":[{"@type":"WebPage","@id":"https:\/\/antracit.eu\/sk\/kontakt\/","url":"https:\/\/antracit.eu\/sk\/kontakt\/","name":"Kontakt - Antracit","isPartOf":{"@id":"https:\/\/antracit.eu\/#website"},"datePublished":"2024-08-09T08:19:06+00:00","dateModified":"2025-09-26T07:06:22+00:00","breadcrumb":{"@id":"https:\/\/antracit.eu\/sk\/kontakt\/#breadcrumb"},"inLanguage":"sk-SK","potentialAction":[{"@type":"ReadAction","target":["https:\/\/antracit.eu\/sk\/kontakt\/"]}]},{"@type":"BreadcrumbList","@id":"https:\/\/antracit.eu\/sk\/kontakt\/#breadcrumb","itemListElement":[{"@type":"ListItem","position":1,"name":"Home","item":"https:\/\/antracit.eu\/sk\/"},{"@type":"ListItem","position":2,"name":"Kontakt"}]},{"@type":"WebSite","@id":"https:\/\/antracit.eu\/#website","url":"https:\/\/antracit.eu\/","name":"Antracit","description":"","publisher":{"@id":"https:\/\/antracit.eu\/#organization"},"potentialAction":[{"@type":"SearchAction","target":{"@type":"EntryPoint","urlTemplate":"https:\/\/antracit.eu\/?s={search_term_string}"},"query-input":{"@type":"PropertyValueSpecification","valueRequired":true,"valueName":"search_term_string"}}],"inLanguage":"sk-SK"},{"@type":"Organization","@id":"https:\/\/antracit.eu\/#organization","name":"Antracitproperty","url":"https:\/\/antracit.eu\/","logo":{"@type":"ImageObject","inLanguage":"sk-SK","@id":"https:\/\/antracit.eu\/#\/schema\/logo\/image\/","url":"http:\/\/antracit.eu\/wp-content\/uploads\/2024\/07\/Frame-2741.svg","contentUrl":"http:\/\/antracit.eu\/wp-content\/uploads\/2024\/07\/Frame-2741.svg","width":98,"height":43,"caption":"Antracitproperty"},"image":{"@id":"https:\/\/antracit.eu\/#\/schema\/logo\/image\/"}}]}},"card_html":"","_links":{"self":[{"href":"https:\/\/antracit.eu\/sk\/wp-json\/wp\/v2\/pages\/398","targetHints":{"allow":["GET"]}}],"collection":[{"href":"https:\/\/antracit.eu\/sk\/wp-json\/wp\/v2\/pages"}],"about":[{"href":"https:\/\/antracit.eu\/sk\/wp-json\/wp\/v2\/types\/page"}],"author":[{"embeddable":true,"href":"https:\/\/antracit.eu\/sk\/wp-json\/wp\/v2\/users\/1"}],"replies":[{"embeddable":true,"href":"https:\/\/antracit.eu\/sk\/wp-json\/wp\/v2\/comments?post=398"}],"version-history":[{"count":9,"href":"https:\/\/antracit.eu\/sk\/wp-json\/wp\/v2\/pages\/398\/revisions"}],"predecessor-version":[{"id":5329,"href":"https:\/\/antracit.eu\/sk\/wp-json\/wp\/v2\/pages\/398\/revisions\/5329"}],"wp:attachment":[{"href":"https:\/\/antracit.eu\/sk\/wp-json\/wp\/v2\/media?parent=398"}],"curies":[{"name":"wp","href":"https:\/\/api.w.org\/{rel}","templated":true}]}}