{"id":393,"date":"2024-08-09T08:19:06","date_gmt":"2024-08-09T08:19:06","guid":{"rendered":"http:\/\/antracit.eu\/?page_id=393"},"modified":"2025-09-26T07:07:44","modified_gmt":"2025-09-26T07:07:44","slug":"contact","status":"publish","type":"page","link":"https:\/\/antracit.eu\/en\/contact\/","title":{"rendered":"Contact"},"content":{"rendered":"\n\n<div class=\"inoby-contact-section\">\n    <div class=\"container\">\n        <div class=\"row\">\n            <div class=\"col-7 col-md-12\">\n                <div class=\"content-wrp\">\n                                        <h2>\n                        Get in touch with us                    <\/h2>\n                    \n                                        <div class=\"addresses\">\n                                                <div class=\"address\">\n                                                        <p class=\"bold\">\n                                CZ &#8211; office                            <\/p>\n                                                                                    <p>\n                                28. \u0159\u00edjna 3159\/29                            <\/p>\n                                                                                    <p>\n                                702 00                            <\/p>\n                                                                                    <p>\n                                Ostrava                            <\/p>\n                                                    <\/div>\n                                                <div class=\"address\">\n                                                        <p class=\"bold\">\n                                SK &#8211; office                            <\/p>\n                                                                                    <p>\n                                Bottova 1                            <\/p>\n                                                                                    <p>\n                                811 09                            <\/p>\n                                                                                    <p>\n                                Bratislava                            <\/p>\n                                                    <\/div>\n                                            <\/div>\n                    \n                                        <p>\n                        Contact persons will be happy to provide you with information on specific projects, which you can find on the project detail page.                    <\/p>\n                    \n                    <div class=\"socials icons\"><a  href=\"https:\/\/www.facebook.com\/profile.php?id=61556617828056\" target=\"_blank\"><img decoding=\"async\" src=\"https:\/\/antracit.eu\/wp-content\/themes\/inoby-antracit\/assets\/icons\/facebook.svg\" class=\"social-icon social-icon-facebook\" alt=\"Facebook\" width=\"24\" height=\"24\" loading=\"lazy\"><\/a><a  href=\"https:\/\/www.instagram.com\/__antracit\/\" target=\"_blank\"><img decoding=\"async\" src=\"https:\/\/antracit.eu\/wp-content\/themes\/inoby-antracit\/assets\/icons\/instagram.svg\" class=\"social-icon social-icon-instagram\" alt=\"Instagram\" width=\"24\" height=\"24\" loading=\"lazy\"><\/a><a  href=\"https:\/\/twitter.com\/_antracit\" target=\"_blank\"><img decoding=\"async\" src=\"https:\/\/antracit.eu\/wp-content\/themes\/inoby-antracit\/assets\/icons\/twitter.svg\" class=\"social-icon social-icon-twitter\" alt=\"Twitter\" width=\"24\" height=\"24\" loading=\"lazy\"><\/a><a  href=\"https:\/\/www.linkedin.com\/company\/antracit-property\/\" target=\"_blank\"><img decoding=\"async\" src=\"https:\/\/antracit.eu\/wp-content\/themes\/inoby-antracit\/assets\/icons\/linkedin.svg\" class=\"social-icon social-icon-linkedin\" alt=\"LinkedIn\" width=\"24\" height=\"24\" loading=\"lazy\"><\/a><\/div>                <\/div>\n            <\/div>\n\n            <div class=\"col-5 col-md-12\">\n                <div class=\"member-card\">\n                    <div class=\"img-wrp\">\n                                                <picture><source media=\"(min-width: 0px) and (max-width: 767px)\" srcset=\"https:\/\/antracit.eu\/wp-content\/uploads\/2025\/09\/Sarka-Drabkova_mal-455x303.jpg\"><source media=\"(min-width: 768px) and (max-width: 1023px)\" srcset=\"https:\/\/antracit.eu\/wp-content\/uploads\/2025\/09\/Sarka-Drabkova_mal-683x455.jpg\"><img src=\"https:\/\/antracit.eu\/wp-content\/uploads\/2025\/09\/Sarka-Drabkova_mal-683x455.jpg\" decoding=\"async\" alt=\"\u0160\u00e1rka Dr\u00e1bkov\u00e1_mal\" loading=\"lazy\" style=\"width: 100%; border-radius: 0px;\" width=\"683\" height=\"455\"\/><\/picture>                                            <\/div>\n                    <div class=\"content\">\n                                                <h3>\u0160\u00e1rka Dr\u00e1bkov\u00e1<\/h3>\n                                                                        <p class=\"position\">Front office<\/p>\n                                                                        <a class=\"phone\" href=\"tel:+420 799\u00a0022 444\">\n                            +420 799\u00a0022 444<\/a>\n                                                                        <a class=\"email\" href=\"mailto:info@antracit.eu\">\n                            info@antracit.eu<\/a>\n                                            <\/div>\n                <\/div>\n            <\/div>\n        <\/div>\n    <\/div>\n<\/div>\n\n\n<section class=\"inoby-contact-maps\">\n    <div class=\"container\">\n        <div class=\"row\">\n            <div class=\"col-12\">\n                <div class=\"maps\">\n                                        <div class=\"map-wrapper\">\n                                                <h4>\n                            Czech Republic Office                        <\/h4>\n                                                <div id=\"map-0\" class=\"map\"><\/div>\n                    <\/div>\n                                        <div class=\"map-wrapper\">\n                                                <h4>\n                            Slovakia Republic Office                        <\/h4>\n                                                <div id=\"map-1\" class=\"map\"><\/div>\n                    <\/div>\n                                    <\/div>\n            <\/div>\n        <\/div>\n    <\/div>\n<\/section>\n\n\n<script type=\"text\/javascript\">\nvar map;\nvar pos;\nconst parser = new DOMParser();\n\nfunction initMap() {\n\n        var map = new google.maps.Map(document.getElementById('map-' + '0'), {\n        center: {\n            lat: 49.2161088,\n            lng: 18.7511595\n        },\n        mapId: '76a28ba0fb09dc9c',\n        zoom: 12,\n        disableDefaultUI: true,\n        zoomControl: true,\n    });\n    var infoWindow = new google.maps.InfoWindow({\n        map: map\n    });\n    infoWindow.setOptions({\n        maxWidth: 500\n    });\n    var title = 'ANTRACIT Management CZ s. r. o.';\n    var desc = '28. \u0159\u00edjna 3159\/29  702 00  Ostrava';\n    var linkTitle = 'Navigate';\n    var link = 'https:\/\/www.google.com\/maps\/place\/28.+%C5%99%C3%ADjna+3159%2F29,+700+30+Moravsk%C3%A1+Ostrava+a+P%C5%99%C3%ADvoz\/@49.8348613,18.2891203,17z\/data=!3m1!4b1!4m6!3m5!1s0x4713e331aa54b24b:0x2770193532378004!8m2!3d49.8348613!4d18.2916952!16s%2Fg%2F11snqxd_hm?hl=sk&entry=ttu&g_ep=EgoyMDI0MTAwMi4xIKXMDSoASAFQAw%3D%3D';\n    var latLng = '49.8348613,18.2916952,14';\n    createMarker(latLng, title, desc, linkTitle, link);\n\n    function createMarker(latLng, tt, dsc, lT, lnk) {\n        var latitude = parseFloat(latLng.split(',')[0]);\n        var longitude = parseFloat(latLng.split(',')[1]);\n        var myLatLng = {\n            lat: latitude,\n            lng: longitude\n        };\n        const pinSvgString =\n            '<svg width=\"33\" height=\"42\" viewBox=\"0 0 33 42\" fill=\"none\" xmlns=\"http:\/\/www.w3.org\/2000\/svg\"><path d=\"M16.5 0.500977C12.2166 0.505836 8.11 2.20957 5.08117 5.2384C2.05234 8.26723 0.348609 12.3738 0.34375 16.6572C0.34375 30.4818 15.0313 40.9228 15.6573 41.3598C15.9043 41.5328 16.1985 41.6256 16.5 41.6256C16.8015 41.6256 17.0957 41.5328 17.3427 41.3598C17.9687 40.9228 32.6562 30.4818 32.6562 16.6572C32.6514 12.3738 30.9477 8.26723 27.9188 5.2384C24.89 2.20957 20.7834 0.505836 16.5 0.500977ZM16.5 10.7822C17.662 10.7822 18.7978 11.1268 19.764 11.7723C20.7301 12.4179 21.4831 13.3354 21.9278 14.409C22.3725 15.4825 22.4888 16.6637 22.2621 17.8034C22.0354 18.943 21.4759 19.9898 20.6543 20.8115C19.8326 21.6331 18.7858 22.1927 17.6462 22.4193C16.5065 22.646 15.3253 22.5297 14.2517 22.085C13.1782 21.6404 12.2607 20.8873 11.6151 19.9212C10.9696 18.9551 10.625 17.8192 10.625 16.6572C10.625 15.0991 11.244 13.6047 12.3457 12.503C13.4475 11.4012 14.9419 10.7822 16.5 10.7822Z\" fill=\"#0C8D8F\"\/><\/svg>';\n\n        const pinSvg = parser.parseFromString(\n            pinSvgString,\n            \"image\/svg+xml\",\n        ).documentElement;\n\n        var marker = new google.maps.marker.AdvancedMarkerElement({\n            map,\n            position: myLatLng,\n            title: tt,\n            content: pinSvg,\n        });\n\n        map.setCenter(marker.position);\n\n\n        google.maps.event.addListener(marker, 'click', function() {\n            infoWindow.setContent(`\n                                            <h3>` + tt + `<\/h3><p>` + dsc + `<\/p><a href=\"` + lnk +\n                `\" target=\"_blank\" class=\"link\"><span>` + lT + `<svg width=\"16\" height=\"17\" viewBox=\"0 0 16 17\" fill=\"none\" xmlns=\"http:\/\/www.w3.org\/2000\/svg\"><path d=\"M9.95 8.56348L4.5 3.11348L5.55 2.06348L12.1 8.56348L5.6 15.0635L4.55 14.0135L9.95 8.56348Z\" fill=\"black\"\/><\/svg><\/span><\/a>\n                                            `);\n            infoWindow.open(map, this);\n        });\n    }\n\n        var map = new google.maps.Map(document.getElementById('map-' + '1'), {\n        center: {\n            lat: 49.2161088,\n            lng: 18.7511595\n        },\n        mapId: '76a28ba0fb09dc9c',\n        zoom: 12,\n        disableDefaultUI: true,\n        zoomControl: true,\n    });\n    var infoWindow = new google.maps.InfoWindow({\n        map: map\n    });\n    infoWindow.setOptions({\n        maxWidth: 500\n    });\n    var title = 'ANTRACIT Management SK a. s.';\n    var desc = 'Bottova 1  811 09  Bratislava';\n    var linkTitle = 'Navigate';\n    var link = 'https:\/\/www.google.com\/maps\/place\/HSF+System+SK,+s.r.o.\/@49.2440679,18.7123794,20.39z\/data=!4m6!3m5!1s0x47145c1eab852fb1:0xe1f80754ab0914cd!8m2!3d49.2440438!4d18.7125195!16s%2Fg%2F11bzx3k433?hl=sk&entry=ttu';\n    var latLng = '48.14366099999999,17.1254181,14';\n    createMarker(latLng, title, desc, linkTitle, link);\n\n    function createMarker(latLng, tt, dsc, lT, lnk) {\n        var latitude = parseFloat(latLng.split(',')[0]);\n        var longitude = parseFloat(latLng.split(',')[1]);\n        var myLatLng = {\n            lat: latitude,\n            lng: longitude\n        };\n        const pinSvgString =\n            '<svg width=\"33\" height=\"42\" viewBox=\"0 0 33 42\" fill=\"none\" xmlns=\"http:\/\/www.w3.org\/2000\/svg\"><path d=\"M16.5 0.500977C12.2166 0.505836 8.11 2.20957 5.08117 5.2384C2.05234 8.26723 0.348609 12.3738 0.34375 16.6572C0.34375 30.4818 15.0313 40.9228 15.6573 41.3598C15.9043 41.5328 16.1985 41.6256 16.5 41.6256C16.8015 41.6256 17.0957 41.5328 17.3427 41.3598C17.9687 40.9228 32.6562 30.4818 32.6562 16.6572C32.6514 12.3738 30.9477 8.26723 27.9188 5.2384C24.89 2.20957 20.7834 0.505836 16.5 0.500977ZM16.5 10.7822C17.662 10.7822 18.7978 11.1268 19.764 11.7723C20.7301 12.4179 21.4831 13.3354 21.9278 14.409C22.3725 15.4825 22.4888 16.6637 22.2621 17.8034C22.0354 18.943 21.4759 19.9898 20.6543 20.8115C19.8326 21.6331 18.7858 22.1927 17.6462 22.4193C16.5065 22.646 15.3253 22.5297 14.2517 22.085C13.1782 21.6404 12.2607 20.8873 11.6151 19.9212C10.9696 18.9551 10.625 17.8192 10.625 16.6572C10.625 15.0991 11.244 13.6047 12.3457 12.503C13.4475 11.4012 14.9419 10.7822 16.5 10.7822Z\" fill=\"#0C8D8F\"\/><\/svg>';\n\n        const pinSvg = parser.parseFromString(\n            pinSvgString,\n            \"image\/svg+xml\",\n        ).documentElement;\n\n        var marker = new google.maps.marker.AdvancedMarkerElement({\n            map,\n            position: myLatLng,\n            title: tt,\n            content: pinSvg,\n        });\n\n        map.setCenter(marker.position);\n\n\n        google.maps.event.addListener(marker, 'click', function() {\n            infoWindow.setContent(`\n                                            <h3>` + tt + `<\/h3><p>` + dsc + `<\/p><a href=\"` + lnk +\n                `\" target=\"_blank\" class=\"link\"><span>` + lT + `<svg width=\"16\" height=\"17\" viewBox=\"0 0 16 17\" fill=\"none\" xmlns=\"http:\/\/www.w3.org\/2000\/svg\"><path d=\"M9.95 8.56348L4.5 3.11348L5.55 2.06348L12.1 8.56348L5.6 15.0635L4.55 14.0135L9.95 8.56348Z\" fill=\"black\"\/><\/svg><\/span><\/a>\n                                            `);\n            infoWindow.open(map, this);\n        });\n    }\n\n    }\n<\/script>\n\n<script async defer\n    src=\"https:\/\/maps.googleapis.com\/maps\/api\/js?key=AIzaSyDTaaifgagpXd2YH1AmOZmdr5K9One8PuE&#038;callback=initMap&#038;libraries=marker\">\n<\/script>\n","protected":false},"excerpt":{"rendered":"","protected":false},"author":1,"featured_media":0,"parent":0,"menu_order":0,"comment_status":"closed","ping_status":"closed","template":"","meta":{"footnotes":""},"class_list":["post-393","page","type-page","status-publish","hentry"],"yoast_head":"<!-- This site is optimized with the Yoast SEO plugin v27.3 - https:\/\/yoast.com\/product\/yoast-seo-wordpress\/ -->\n<title>Contact - Antracit<\/title>\n<meta name=\"robots\" content=\"index, follow, max-snippet:-1, max-image-preview:large, max-video-preview:-1\" \/>\n<link rel=\"canonical\" href=\"https:\/\/antracit.eu\/en\/contact\/\" \/>\n<meta property=\"og:locale\" content=\"en_US\" \/>\n<meta property=\"og:type\" content=\"article\" \/>\n<meta property=\"og:title\" content=\"Contact - Antracit\" \/>\n<meta property=\"og:url\" content=\"https:\/\/antracit.eu\/en\/contact\/\" \/>\n<meta property=\"og:site_name\" content=\"Antracit\" \/>\n<meta property=\"article:modified_time\" content=\"2025-09-26T07:07:44+00:00\" \/>\n<meta name=\"twitter:card\" content=\"summary_large_image\" \/>\n<script type=\"application\/ld+json\" class=\"yoast-schema-graph\">{\"@context\":\"https:\\\/\\\/schema.org\",\"@graph\":[{\"@type\":\"WebPage\",\"@id\":\"https:\\\/\\\/antracit.eu\\\/en\\\/contact\\\/\",\"url\":\"https:\\\/\\\/antracit.eu\\\/en\\\/contact\\\/\",\"name\":\"Contact - Antracit\",\"isPartOf\":{\"@id\":\"https:\\\/\\\/antracit.eu\\\/#website\"},\"datePublished\":\"2024-08-09T08:19:06+00:00\",\"dateModified\":\"2025-09-26T07:07:44+00:00\",\"breadcrumb\":{\"@id\":\"https:\\\/\\\/antracit.eu\\\/en\\\/contact\\\/#breadcrumb\"},\"inLanguage\":\"en-US\",\"potentialAction\":[{\"@type\":\"ReadAction\",\"target\":[\"https:\\\/\\\/antracit.eu\\\/en\\\/contact\\\/\"]}]},{\"@type\":\"BreadcrumbList\",\"@id\":\"https:\\\/\\\/antracit.eu\\\/en\\\/contact\\\/#breadcrumb\",\"itemListElement\":[{\"@type\":\"ListItem\",\"position\":1,\"name\":\"Home\",\"item\":\"https:\\\/\\\/antracit.eu\\\/en\\\/\"},{\"@type\":\"ListItem\",\"position\":2,\"name\":\"Contact\"}]},{\"@type\":\"WebSite\",\"@id\":\"https:\\\/\\\/antracit.eu\\\/#website\",\"url\":\"https:\\\/\\\/antracit.eu\\\/\",\"name\":\"Antracit\",\"description\":\"\",\"publisher\":{\"@id\":\"https:\\\/\\\/antracit.eu\\\/#organization\"},\"potentialAction\":[{\"@type\":\"SearchAction\",\"target\":{\"@type\":\"EntryPoint\",\"urlTemplate\":\"https:\\\/\\\/antracit.eu\\\/?s={search_term_string}\"},\"query-input\":{\"@type\":\"PropertyValueSpecification\",\"valueRequired\":true,\"valueName\":\"search_term_string\"}}],\"inLanguage\":\"en-US\"},{\"@type\":\"Organization\",\"@id\":\"https:\\\/\\\/antracit.eu\\\/#organization\",\"name\":\"Antracitproperty\",\"url\":\"https:\\\/\\\/antracit.eu\\\/\",\"logo\":{\"@type\":\"ImageObject\",\"inLanguage\":\"en-US\",\"@id\":\"https:\\\/\\\/antracit.eu\\\/#\\\/schema\\\/logo\\\/image\\\/\",\"url\":\"http:\\\/\\\/antracit.eu\\\/wp-content\\\/uploads\\\/2024\\\/07\\\/Frame-2741.svg\",\"contentUrl\":\"http:\\\/\\\/antracit.eu\\\/wp-content\\\/uploads\\\/2024\\\/07\\\/Frame-2741.svg\",\"width\":98,\"height\":43,\"caption\":\"Antracitproperty\"},\"image\":{\"@id\":\"https:\\\/\\\/antracit.eu\\\/#\\\/schema\\\/logo\\\/image\\\/\"}}]}<\/script>\n<!-- \/ Yoast SEO plugin. -->","yoast_head_json":{"title":"Contact - Antracit","robots":{"index":"index","follow":"follow","max-snippet":"max-snippet:-1","max-image-preview":"max-image-preview:large","max-video-preview":"max-video-preview:-1"},"canonical":"https:\/\/antracit.eu\/en\/contact\/","og_locale":"en_US","og_type":"article","og_title":"Contact - Antracit","og_url":"https:\/\/antracit.eu\/en\/contact\/","og_site_name":"Antracit","article_modified_time":"2025-09-26T07:07:44+00:00","twitter_card":"summary_large_image","schema":{"@context":"https:\/\/schema.org","@graph":[{"@type":"WebPage","@id":"https:\/\/antracit.eu\/en\/contact\/","url":"https:\/\/antracit.eu\/en\/contact\/","name":"Contact - Antracit","isPartOf":{"@id":"https:\/\/antracit.eu\/#website"},"datePublished":"2024-08-09T08:19:06+00:00","dateModified":"2025-09-26T07:07:44+00:00","breadcrumb":{"@id":"https:\/\/antracit.eu\/en\/contact\/#breadcrumb"},"inLanguage":"en-US","potentialAction":[{"@type":"ReadAction","target":["https:\/\/antracit.eu\/en\/contact\/"]}]},{"@type":"BreadcrumbList","@id":"https:\/\/antracit.eu\/en\/contact\/#breadcrumb","itemListElement":[{"@type":"ListItem","position":1,"name":"Home","item":"https:\/\/antracit.eu\/en\/"},{"@type":"ListItem","position":2,"name":"Contact"}]},{"@type":"WebSite","@id":"https:\/\/antracit.eu\/#website","url":"https:\/\/antracit.eu\/","name":"Antracit","description":"","publisher":{"@id":"https:\/\/antracit.eu\/#organization"},"potentialAction":[{"@type":"SearchAction","target":{"@type":"EntryPoint","urlTemplate":"https:\/\/antracit.eu\/?s={search_term_string}"},"query-input":{"@type":"PropertyValueSpecification","valueRequired":true,"valueName":"search_term_string"}}],"inLanguage":"en-US"},{"@type":"Organization","@id":"https:\/\/antracit.eu\/#organization","name":"Antracitproperty","url":"https:\/\/antracit.eu\/","logo":{"@type":"ImageObject","inLanguage":"en-US","@id":"https:\/\/antracit.eu\/#\/schema\/logo\/image\/","url":"http:\/\/antracit.eu\/wp-content\/uploads\/2024\/07\/Frame-2741.svg","contentUrl":"http:\/\/antracit.eu\/wp-content\/uploads\/2024\/07\/Frame-2741.svg","width":98,"height":43,"caption":"Antracitproperty"},"image":{"@id":"https:\/\/antracit.eu\/#\/schema\/logo\/image\/"}}]}},"card_html":"","_links":{"self":[{"href":"https:\/\/antracit.eu\/en\/wp-json\/wp\/v2\/pages\/393","targetHints":{"allow":["GET"]}}],"collection":[{"href":"https:\/\/antracit.eu\/en\/wp-json\/wp\/v2\/pages"}],"about":[{"href":"https:\/\/antracit.eu\/en\/wp-json\/wp\/v2\/types\/page"}],"author":[{"embeddable":true,"href":"https:\/\/antracit.eu\/en\/wp-json\/wp\/v2\/users\/1"}],"replies":[{"embeddable":true,"href":"https:\/\/antracit.eu\/en\/wp-json\/wp\/v2\/comments?post=393"}],"version-history":[{"count":15,"href":"https:\/\/antracit.eu\/en\/wp-json\/wp\/v2\/pages\/393\/revisions"}],"predecessor-version":[{"id":5331,"href":"https:\/\/antracit.eu\/en\/wp-json\/wp\/v2\/pages\/393\/revisions\/5331"}],"wp:attachment":[{"href":"https:\/\/antracit.eu\/en\/wp-json\/wp\/v2\/media?parent=393"}],"curies":[{"name":"wp","href":"https:\/\/api.w.org\/{rel}","templated":true}]}}